{"id":12,"date":"2021-05-26T08:17:18","date_gmt":"2021-05-26T06:17:18","guid":{"rendered":"http:\/\/mazacze.pl\/index.php\/product\/hoodie-with-logo\/"},"modified":"2026-01-13T03:01:36","modified_gmt":"2026-01-13T02:01:36","slug":"mazacz-easy","status":"publish","type":"product","link":"https:\/\/mazacze.pl\/index.php\/product\/mazacz-easy\/","title":{"rendered":"Mazacz r\u0119czny do chwast\u00f3w Easy"},"content":{"rendered":"<p>Nie padaj na kolana przed chwastami! Pozb\u0105d\u017a si\u0119 chwast\u00f3w w prosty spos\u00f3b!<\/p>\n<p>Mazacz nape\u0142niamy roztworem herbicydu Roundup w proporcji 1:3 i nanosimy na zielone cz\u0119\u015bci chwast\u00f3w, gdzie stosowanie opryskiwacza jest niemo\u017cliwe np. wok\u00f3\u0142 krzew\u00f3w, m\u0142odych drzew.<\/p>\n<p>Mazacz r\u0119czny s\u0142u\u017cy do bezpo\u015bredniego usuwania chwast\u00f3w.<\/p>\n","protected":false},"excerpt":{"rendered":"<p>Mazacz nape\u0142niamy herbicydem Roundup i nanosimy na zielone chwasty, gdzie stosowanie opryskiwacza jest niemo\u017cliwe np. wok\u00f3\u0142 krzew\u00f3w, m\u0142odych drzew.<\/p>\n","protected":false},"featured_media":15,"comment_status":"open","ping_status":"closed","template":"","meta":[],"_links":{"self":[{"href":"https:\/\/mazacze.pl\/index.php\/wp-json\/wp\/v2\/product\/12"}],"collection":[{"href":"https:\/\/mazacze.pl\/index.php\/wp-json\/wp\/v2\/product"}],"about":[{"href":"https:\/\/mazacze.pl\/index.php\/wp-json\/wp\/v2\/types\/product"}],"replies":[{"embeddable":true,"href":"https:\/\/mazacze.pl\/index.php\/wp-json\/wp\/v2\/comments?post=12"}],"wp:featuredmedia":[{"embeddable":true,"href":"https:\/\/mazacze.pl\/index.php\/wp-json\/wp\/v2\/media\/15"}],"wp:attachment":[{"href":"https:\/\/mazacze.pl\/index.php\/wp-json\/wp\/v2\/media?parent=12"}],"curies":[{"name":"wp","href":"https:\/\/api.w.org\/{rel}","templated":true}]}}