{"id":174,"date":"2021-05-31T20:39:10","date_gmt":"2021-05-31T18:39:10","guid":{"rendered":"http:\/\/mazacze.pl\/?page_id=174"},"modified":"2021-05-31T20:39:34","modified_gmt":"2021-05-31T18:39:34","slug":"instrukcja-uzycia-mazacza-easy","status":"publish","type":"page","link":"https:\/\/mazacze.pl\/index.php\/instrukcja-uzycia-mazacza-easy\/","title":{"rendered":"Instrukcja u\u017cycia mazacza Easy"},"content":{"rendered":"\t\t<div data-elementor-type=\"wp-page\" data-elementor-id=\"174\" class=\"elementor elementor-174\" data-elementor-settings=\"[]\">\n\t\t\t\t\t\t<div class=\"elementor-inner\">\n\t\t\t\t\t\t\t<div class=\"elementor-section-wrap\">\n\t\t\t\t\t\t\t<section class=\"elementor-section elementor-top-section elementor-element elementor-element-6046de63 elementor-section-boxed elementor-section-height-default elementor-section-height-default\" data-id=\"6046de63\" data-element_type=\"section\">\n\t\t\t\t\t\t<div class=\"elementor-container elementor-column-gap-default\">\n\t\t\t\t\t\t\t<div class=\"elementor-row\">\n\t\t\t\t\t<div class=\"elementor-column elementor-col-100 elementor-top-column elementor-element elementor-element-1537ab12\" data-id=\"1537ab12\" data-element_type=\"column\">\n\t\t\t<div class=\"elementor-column-wrap elementor-element-populated\">\n\t\t\t\t\t\t\t<div class=\"elementor-widget-wrap\">\n\t\t\t\t\t\t<div class=\"elementor-element elementor-element-4a52e331 elementor-widget elementor-widget-heading\" data-id=\"4a52e331\" data-element_type=\"widget\" data-widget_type=\"heading.default\">\n\t\t\t\t<div class=\"elementor-widget-container\">\n\t\t\t<h2 class=\"elementor-heading-title elementor-size-default\">Instrukcja u\u017cycia i bezpiecze\u0144sto u\u017cytkowania<\/h2>\t\t<\/div>\n\t\t\t\t<\/div>\n\t\t\t\t\t\t<\/div>\n\t\t\t\t\t<\/div>\n\t\t<\/div>\n\t\t\t\t\t\t\t\t<\/div>\n\t\t\t\t\t<\/div>\n\t\t<\/section>\n\t\t\t\t<section class=\"elementor-section elementor-top-section elementor-element elementor-element-5e0dfc8c elementor-section-full_width elementor-section-height-min-height elementor-section-items-stretch elementor-section-content-middle elementor-section-height-default\" data-id=\"5e0dfc8c\" data-element_type=\"section\">\n\t\t\t\t\t\t<div class=\"elementor-container elementor-column-gap-no\">\n\t\t\t\t\t\t\t<div class=\"elementor-row\">\n\t\t\t\t\t<div class=\"elementor-column elementor-col-50 elementor-top-column elementor-element elementor-element-52d8d72f\" data-id=\"52d8d72f\" data-element_type=\"column\" data-settings=\"{&quot;background_background&quot;:&quot;classic&quot;}\">\n\t\t\t<div class=\"elementor-column-wrap elementor-element-populated\">\n\t\t\t\t\t\t\t<div class=\"elementor-widget-wrap\">\n\t\t\t\t\t\t<div class=\"elementor-element elementor-element-362dfaae elementor-widget elementor-widget-spacer\" data-id=\"362dfaae\" data-element_type=\"widget\" data-widget_type=\"spacer.default\">\n\t\t\t\t<div class=\"elementor-widget-container\">\n\t\t\t\t\t<div class=\"elementor-spacer\">\n\t\t\t<div class=\"elementor-spacer-inner\"><\/div>\n\t\t<\/div>\n\t\t\t\t<\/div>\n\t\t\t\t<\/div>\n\t\t\t\t\t\t<\/div>\n\t\t\t\t\t<\/div>\n\t\t<\/div>\n\t\t\t\t<div class=\"elementor-column elementor-col-50 elementor-top-column elementor-element elementor-element-612f2d6a\" data-id=\"612f2d6a\" data-element_type=\"column\" data-settings=\"{&quot;background_background&quot;:&quot;classic&quot;}\">\n\t\t\t<div class=\"elementor-column-wrap elementor-element-populated\">\n\t\t\t\t\t\t\t<div class=\"elementor-widget-wrap\">\n\t\t\t\t\t\t<div class=\"elementor-element elementor-element-4bd5b479 elementor-widget elementor-widget-heading\" data-id=\"4bd5b479\" data-element_type=\"widget\" data-widget_type=\"heading.default\">\n\t\t\t\t<div class=\"elementor-widget-container\">\n\t\t\t<h4 class=\"elementor-heading-title elementor-size-default\">Przeznaczenie mazacza r\u0119cznego <\/h4>\t\t<\/div>\n\t\t\t\t<\/div>\n\t\t\t\t<div class=\"elementor-element elementor-element-4de60eb9 elementor-widget-divider--view-line elementor-widget elementor-widget-divider\" data-id=\"4de60eb9\" data-element_type=\"widget\" data-widget_type=\"divider.default\">\n\t\t\t\t<div class=\"elementor-widget-container\">\n\t\t\t\t\t<div class=\"elementor-divider\">\n\t\t\t<span class=\"elementor-divider-separator\">\n\t\t\t\t\t\t<\/span>\n\t\t<\/div>\n\t\t\t\t<\/div>\n\t\t\t\t<\/div>\n\t\t\t\t<div class=\"elementor-element elementor-element-7e2dcf76 elementor-widget elementor-widget-text-editor\" data-id=\"7e2dcf76\" data-element_type=\"widget\" data-widget_type=\"text-editor.default\">\n\t\t\t\t<div class=\"elementor-widget-container\">\n\t\t\t\t\t<div class=\"elementor-text-editor elementor-clearfix\"><p><span style=\"font-weight: 400;\">Mazacz s\u0142u\u017cy do bezopryskowego nanoszenia Roundupu 360 SL bezpo\u015brednio na zwalczane ro\u015bliny. Herbicyd Roundup 360 SL zwalcza ro\u015bliny jedno i dwuli\u015bcienne, zar\u00f3wno roczne jak i wieloletnie. Wch\u0142aniany wy\u0142\u0105cznie przez zielone cz\u0119\u015bci ro\u015bliny i przemieszczany po wszystkich jej systemach, powoduje zamieranie ro\u015bliny wraz z korzeniami i k\u0142\u0105czami.<\/span><\/p><\/div>\n\t\t\t\t<\/div>\n\t\t\t\t<\/div>\n\t\t\t\t<div class=\"elementor-element elementor-element-76183d6a elementor-widget elementor-widget-text-editor\" data-id=\"76183d6a\" data-element_type=\"widget\" data-widget_type=\"text-editor.default\">\n\t\t\t\t<div class=\"elementor-widget-container\">\n\t\t\t\t\t<div class=\"elementor-text-editor elementor-clearfix\"><p>Roundup 360 SL jest herbicydem IV klasy toksyczno\u015bci. Wymaga zachowania \u015brodk\u00f3w ostro\u017cno\u015bci opisanych w instrukcji Roundupu.&nbsp;<\/p><\/div>\n\t\t\t\t<\/div>\n\t\t\t\t<\/div>\n\t\t\t\t\t\t<\/div>\n\t\t\t\t\t<\/div>\n\t\t<\/div>\n\t\t\t\t\t\t\t\t<\/div>\n\t\t\t\t\t<\/div>\n\t\t<\/section>\n\t\t\t\t<section class=\"elementor-section elementor-top-section elementor-element elementor-element-51b203b6 elementor-section-full_width elementor-reverse-mobile elementor-section-height-min-height elementor-section-items-stretch elementor-section-content-middle elementor-section-height-default\" data-id=\"51b203b6\" data-element_type=\"section\">\n\t\t\t\t\t\t<div class=\"elementor-container elementor-column-gap-no\">\n\t\t\t\t\t\t\t<div class=\"elementor-row\">\n\t\t\t\t\t<div class=\"elementor-column elementor-col-100 elementor-top-column elementor-element elementor-element-3bdfc66a\" data-id=\"3bdfc66a\" data-element_type=\"column\" data-settings=\"{&quot;background_background&quot;:&quot;classic&quot;}\">\n\t\t\t<div class=\"elementor-column-wrap elementor-element-populated\">\n\t\t\t\t\t\t\t<div class=\"elementor-widget-wrap\">\n\t\t\t\t\t\t<div class=\"elementor-element elementor-element-2da0a29f elementor-widget elementor-widget-heading\" data-id=\"2da0a29f\" data-element_type=\"widget\" data-widget_type=\"heading.default\">\n\t\t\t\t<div class=\"elementor-widget-container\">\n\t\t\t<h4 class=\"elementor-heading-title elementor-size-default\">Bezpiecze\u0144stwo u\u017cytkowania mazacza <\/h4>\t\t<\/div>\n\t\t\t\t<\/div>\n\t\t\t\t<div class=\"elementor-element elementor-element-6938183c elementor-widget-divider--view-line elementor-widget elementor-widget-divider\" data-id=\"6938183c\" data-element_type=\"widget\" data-widget_type=\"divider.default\">\n\t\t\t\t<div class=\"elementor-widget-container\">\n\t\t\t\t\t<div class=\"elementor-divider\">\n\t\t\t<span class=\"elementor-divider-separator\">\n\t\t\t\t\t\t<\/span>\n\t\t<\/div>\n\t\t\t\t<\/div>\n\t\t\t\t<\/div>\n\t\t\t\t<div class=\"elementor-element elementor-element-a582c88 elementor-widget elementor-widget-text-editor\" data-id=\"a582c88\" data-element_type=\"widget\" data-widget_type=\"text-editor.default\">\n\t\t\t\t<div class=\"elementor-widget-container\">\n\t\t\t\t\t<div class=\"elementor-text-editor elementor-clearfix\"><p>Zabrania si\u0119 u\u017cywania mazacza i jego element\u00f3w sk\u0142adowych niezgodnie z przeznaczeniem.<\/p><\/div>\n\t\t\t\t<\/div>\n\t\t\t\t<\/div>\n\t\t\t\t<div class=\"elementor-element elementor-element-6a2e5697 elementor-widget elementor-widget-text-editor\" data-id=\"6a2e5697\" data-element_type=\"widget\" data-widget_type=\"text-editor.default\">\n\t\t\t\t<div class=\"elementor-widget-container\">\n\t\t\t\t\t<div class=\"elementor-text-editor elementor-clearfix\"><p><span style=\"font-weight: 400;\">Mazacz nape\u0142niony herbicydem Roundupu 360 SL umo\u017cliwia niszczenie k\u0119p szczeg\u00f3lnie uci\u0105\u017cliwych chwast\u00f3w (pokrzywa, \u015bmia\u0142ek darniowy, szczawie k\u0142\u0105czowe itp.), a tak\u017ce wszystkich chwast\u00f3w w mi\u0119dzyrz\u0119dziach upraw, wok\u00f3\u0142 m\u0142odych drzew i krzew\u00f3w oraz w ka\u017cdej sytuacji, gdy zastosowanie opryskiwacza jest niemo\u017cliwe lub nieuzasadnione.<\/span><\/p><p>U\u017cytkowanie mazacza wymaga zastosowania \u015brodk\u00f3w ostro\u017cno\u015bci opisanych w instrukcji Roundupu. Roundup 360 SL jest herbicydem IV klasy toksyczno\u015bci.<\/p><p>Przed u\u017cyciem mazacza nale\u017cy sprawdzi\u0107 jego szczelno\u015b\u0107 na ca\u0142ej d\u0142ugo\u015bci rury oraz szczelno\u015b\u0107 zamkni\u0119cia otworu wlewowego przez nape\u0142nienie urz\u0105dzenia czyst\u0105 wod\u0105 i wnikliw\u0105 jego obserwacj\u0119. Wyciekanie wody z mazacza w miejscu innym ni\u017c linka dyskwalifikuje go do czasu jego naprawy. <br \/>Podczas przygotowywania cieczy roboczej i podczas pracy mazaczem nie wolno je\u015b\u0107, pi\u0107 ani pali\u0107. Nale\u017cy u\u017cywa\u0107 r\u0119kawic gumowych. Unika\u0107 zanieczyszczenia oczu. <br \/>Zabrania si\u0119 stosowa\u0107 mazacz i jego elementy sk\u0142adowe niezgodnie z przeznaczeniem. <br \/>Mazacz chroni\u0107 przed dzie\u0107mi i zwierz\u0119tami. <br \/>W przypadku zniszczenia informacji znajduj\u0105cych si\u0119 na urz\u0105dzeniu nale\u017cy je naby\u0107 u producenta. <\/p><\/div>\n\t\t\t\t<\/div>\n\t\t\t\t<\/div>\n\t\t\t\t<div class=\"elementor-element elementor-element-3ccbb7b9 elementor-widget elementor-widget-heading\" data-id=\"3ccbb7b9\" data-element_type=\"widget\" data-widget_type=\"heading.default\">\n\t\t\t\t<div class=\"elementor-widget-container\">\n\t\t\t<h4 class=\"elementor-heading-title elementor-size-default\">Termin zabiegu<\/h4>\t\t<\/div>\n\t\t\t\t<\/div>\n\t\t\t\t<div class=\"elementor-element elementor-element-489a412f elementor-widget-divider--view-line elementor-widget elementor-widget-divider\" data-id=\"489a412f\" data-element_type=\"widget\" data-widget_type=\"divider.default\">\n\t\t\t\t<div class=\"elementor-widget-container\">\n\t\t\t\t\t<div class=\"elementor-divider\">\n\t\t\t<span class=\"elementor-divider-separator\">\n\t\t\t\t\t\t<\/span>\n\t\t<\/div>\n\t\t\t\t<\/div>\n\t\t\t\t<\/div>\n\t\t\t\t<div class=\"elementor-element elementor-element-6f16823 elementor-widget elementor-widget-text-editor\" data-id=\"6f16823\" data-element_type=\"widget\" data-widget_type=\"text-editor.default\">\n\t\t\t\t<div class=\"elementor-widget-container\">\n\t\t\t\t\t<div class=\"elementor-text-editor elementor-clearfix\"><p><span style=\"font-weight: 400;\">Zabieg wykonuje si\u0119 na intensywnie rosn\u0105cych zielonych chwastach. Najwi\u0119ksz\u0105 skuteczno\u015b\u0107 herbicydu osi\u0105ga si\u0119:\u00a0<\/span><\/p><ul><li><span style=\"font-weight: 400;\"> dla traw wieloletnich &#8211; przy wysoko\u015bci 10-15 cm,\u00a0<\/span><\/li><li><span style=\"font-weight: 400;\"> dla chwast\u00f3w dwuli\u015bciennych wieloletnich &#8211; przed i podczas kwitnienia,\u00a0<\/span><\/li><li><span style=\"font-weight: 400;\"> dla chwast\u00f3w jednorocznych &#8211; ca\u0142y sezon wegetacyjny.\u00a0<\/span><\/li><\/ul><p><span style=\"font-weight: 400;\">Warunkiem uzyskania pe\u0142nej skuteczno\u015bci zabiegu jest bezdeszczowa pogoda przez 6 godzin po zabiegu.<\/span><\/p><\/div>\n\t\t\t\t<\/div>\n\t\t\t\t<\/div>\n\t\t\t\t<div class=\"elementor-element elementor-element-19459951 elementor-widget elementor-widget-heading\" data-id=\"19459951\" data-element_type=\"widget\" data-widget_type=\"heading.default\">\n\t\t\t\t<div class=\"elementor-widget-container\">\n\t\t\t<h4 class=\"elementor-heading-title elementor-size-default\">Przygotowanie preparatu i dawki Roundupu<\/h4>\t\t<\/div>\n\t\t\t\t<\/div>\n\t\t\t\t<div class=\"elementor-element elementor-element-3001264a elementor-widget-divider--view-line elementor-widget elementor-widget-divider\" data-id=\"3001264a\" data-element_type=\"widget\" data-widget_type=\"divider.default\">\n\t\t\t\t<div class=\"elementor-widget-container\">\n\t\t\t\t\t<div class=\"elementor-divider\">\n\t\t\t<span class=\"elementor-divider-separator\">\n\t\t\t\t\t\t<\/span>\n\t\t<\/div>\n\t\t\t\t<\/div>\n\t\t\t\t<\/div>\n\t\t\t\t<div class=\"elementor-element elementor-element-6995951f elementor-widget elementor-widget-text-editor\" data-id=\"6995951f\" data-element_type=\"widget\" data-widget_type=\"text-editor.default\">\n\t\t\t\t<div class=\"elementor-widget-container\">\n\t\t\t\t\t<div class=\"elementor-text-editor elementor-clearfix\"><p><span style=\"font-weight: 400;\">Do rury mazacza wla\u0107 wodny roztw\u00f3r Roundupu 360 SL o st\u0119\u017ceniu od 33% (jedna cz\u0119\u015b\u0107 Roundupu + dwie cz\u0119\u015bci wody) do 50%. Efektem zastosowania rzadszych formulacji glifosatu mo\u017ce by\u0107 nadmierne wyciekanie preparatu! Zu\u017cycie Roundupu wynosi 0,5-2 l\/ha. Niezb\u0119dna dawka Roundupu jest zale\u017cna od gatunku ro\u015bliny, fazy w kt\u00f3rej wykonuje si\u0119 zabieg i masy korzeniowej chwast\u00f3w.\u00a0<\/span><\/p><p><span style=\"font-weight: 400;\">Do jednorazowego nape\u0142nienia mazacza przygotowa\u0107 nie wi\u0119cej ni\u017c 0,15- 0,20 l cieczy roboczej &#8211; wed\u0142ug oznaczenia na rurze. Zwraca si\u0119 uwag\u0119 na du\u017c\u0105 oszcz\u0119dno\u015b\u0107 zu\u017cycia preparatu, a wi\u0119c pierwszy pr\u00f3bny zabieg prosz\u0119 wykona\u0107 niewielk\u0105 ilo\u015bci\u0105 (najwy\u017cej 50 ml) roztworu.<\/span><\/p><\/div>\n\t\t\t\t<\/div>\n\t\t\t\t<\/div>\n\t\t\t\t<div class=\"elementor-element elementor-element-1e31d067 elementor-widget elementor-widget-heading\" data-id=\"1e31d067\" data-element_type=\"widget\" data-widget_type=\"heading.default\">\n\t\t\t\t<div class=\"elementor-widget-container\">\n\t\t\t<h4 class=\"elementor-heading-title elementor-size-default\">Spos\u00f3b u\u017cycia<\/h4>\t\t<\/div>\n\t\t\t\t<\/div>\n\t\t\t\t<div class=\"elementor-element elementor-element-1262476b elementor-widget-divider--view-line elementor-widget elementor-widget-divider\" data-id=\"1262476b\" data-element_type=\"widget\" data-widget_type=\"divider.default\">\n\t\t\t\t<div class=\"elementor-widget-container\">\n\t\t\t\t\t<div class=\"elementor-divider\">\n\t\t\t<span class=\"elementor-divider-separator\">\n\t\t\t\t\t\t<\/span>\n\t\t<\/div>\n\t\t\t\t<\/div>\n\t\t\t\t<\/div>\n\t\t\t\t<div class=\"elementor-element elementor-element-113bf68f elementor-widget elementor-widget-text-editor\" data-id=\"113bf68f\" data-element_type=\"widget\" data-widget_type=\"text-editor.default\">\n\t\t\t\t<div class=\"elementor-widget-container\">\n\t\t\t\t\t<div class=\"elementor-text-editor elementor-clearfix\"><p>\u00a0 Podczas pracy mazaczem nie wolno je\u015b\u0107, pi\u0107 ani pali\u0107.\u00a0<br \/>Nale\u017cy u\u017cywa\u0107 r\u0119kawic gumowych.\u00a0<br \/>Unika\u0107 zanieczyszczenia oczu.<\/p><\/div>\n\t\t\t\t<\/div>\n\t\t\t\t<\/div>\n\t\t\t\t<div class=\"elementor-element elementor-element-282542a9 elementor-widget elementor-widget-text-editor\" data-id=\"282542a9\" data-element_type=\"widget\" data-widget_type=\"text-editor.default\">\n\t\t\t\t<div class=\"elementor-widget-container\">\n\t\t\t\t\t<div class=\"elementor-text-editor elementor-clearfix\"><p>Po pierwszym nape\u0142nieniu mazacza nale\u017cy odczeka\u0107, a\u017c linka lekko si\u0119 nas\u0105czy. Przed nast\u0119pnym u\u017cyciem zaschni\u0119t\u0105 link\u0119 nawil\u017cy\u0107 czyst\u0105 wod\u0105. Korek otworu wlewowego posiada w swej \u015bciance dziurk\u0119, kt\u00f3ra umo\u017cliwia dost\u0119p powietrza i swobodne nas\u0105czanie linki podczas zabiegu. Mocniejsze doci\u015bni\u0119cie korka spowoduje zamkni\u0119cie dziurki, a tym samym ograniczy wyp\u0142yw preparatu. Pocieranie chwast\u00f3w przeprowadzi\u0107 co najmniej dwukrotnie (w przeciwnych kierunkach), zwracaj\u0105c uwag\u0119, aby linka nie dotyka\u0142a ro\u015blin uprawnych. Podawana ciecz nie musi by\u0107 widoczna ani na lince, ani na smarowanej ro\u015blinie. Ca\u0142kowicie bezcelowe i szkodliwe dla trwa\u0142o\u015bci mazacza jest przesuwanie linki po ziemi.<\/p><\/div>\n\t\t\t\t<\/div>\n\t\t\t\t<\/div>\n\t\t\t\t<div class=\"elementor-element elementor-element-3dc36b31 elementor-widget elementor-widget-text-editor\" data-id=\"3dc36b31\" data-element_type=\"widget\" data-widget_type=\"text-editor.default\">\n\t\t\t\t<div class=\"elementor-widget-container\">\n\t\t\t\t\t<div class=\"elementor-text-editor elementor-clearfix\"><p><span style=\"font-weight: 400;\">\u00a0\u00a0<\/span><b>Preparat mo\u017ce by\u0107 przenoszony na obuwiu, dlatego nale\u017cy unika\u0107 nadeptywania na posmarowane nim ro\u015bliny.<\/b><\/p><\/div>\n\t\t\t\t<\/div>\n\t\t\t\t<\/div>\n\t\t\t\t<div class=\"elementor-element elementor-element-211c7d57 elementor-widget elementor-widget-text-editor\" data-id=\"211c7d57\" data-element_type=\"widget\" data-widget_type=\"text-editor.default\">\n\t\t\t\t<div class=\"elementor-widget-container\">\n\t\t\t\t\t<div class=\"elementor-text-editor elementor-clearfix\"><p><span style=\"font-weight: 400;\">Pierwsze objawy zamierania chwast\u00f3w wyst\u0119puj\u0105 po 7-10 dniach. Do tego czasu nale\u017cy wstrzyma\u0107 wszelkie zabiegi uprawowe. Ca\u0142kowite obumarcie chwast\u00f3w wyst\u0119puje po 3-4 tygodniach. W razie potrzeby zabieg powt\u00f3rzy\u0107. <\/span><\/p><\/div>\n\t\t\t\t<\/div>\n\t\t\t\t<\/div>\n\t\t\t\t<div class=\"elementor-element elementor-element-739b8458 elementor-widget elementor-widget-text-editor\" data-id=\"739b8458\" data-element_type=\"widget\" data-widget_type=\"text-editor.default\">\n\t\t\t\t<div class=\"elementor-widget-container\">\n\t\t\t\t\t<div class=\"elementor-text-editor elementor-clearfix\"><p><b>U\u017cytk\u00f3w zielonych, na kt\u00f3rych stosowano Roundup, nie kosi\u0107 ani niewypasa\u0107 w ci\u0105gu tygodnia po wykonaniu zabiegu. <\/b><\/p><\/div>\n\t\t\t\t<\/div>\n\t\t\t\t<\/div>\n\t\t\t\t<div class=\"elementor-element elementor-element-25bbbb32 elementor-widget elementor-widget-heading\" data-id=\"25bbbb32\" data-element_type=\"widget\" data-widget_type=\"heading.default\">\n\t\t\t\t<div class=\"elementor-widget-container\">\n\t\t\t<h4 class=\"elementor-heading-title elementor-size-default\">Konserwacja, przechowywanie i transport mazacza <\/h4>\t\t<\/div>\n\t\t\t\t<\/div>\n\t\t\t\t<div class=\"elementor-element elementor-element-2255dced elementor-widget-divider--view-line elementor-widget elementor-widget-divider\" data-id=\"2255dced\" data-element_type=\"widget\" data-widget_type=\"divider.default\">\n\t\t\t\t<div class=\"elementor-widget-container\">\n\t\t\t\t\t<div class=\"elementor-divider\">\n\t\t\t<span class=\"elementor-divider-separator\">\n\t\t\t\t\t\t<\/span>\n\t\t<\/div>\n\t\t\t\t<\/div>\n\t\t\t\t<\/div>\n\t\t\t\t<div class=\"elementor-element elementor-element-75f5e5d9 elementor-widget elementor-widget-text-editor\" data-id=\"75f5e5d9\" data-element_type=\"widget\" data-widget_type=\"text-editor.default\">\n\t\t\t\t<div class=\"elementor-widget-container\">\n\t\t\t\t\t<div class=\"elementor-text-editor elementor-clearfix\"><p><span style=\"font-weight: 400;\">Po zabiegu oczy\u015bci\u0107 link\u0119. Po sezonie urz\u0105dzenie z link\u0105 umy\u0107 i przep\u0142uka\u0107 wod\u0105. Nie demontowa\u0107 bez potrzeby wymiany element\u00f3w.\u00a0<\/span><\/p><p><span style=\"font-weight: 400;\">Mazacz przechowywa\u0107 i transportowa\u0107 w temperaturze nie wy\u017cszej ni\u017c 40\u1d52C. Szczelnie zamkni\u0119ty mazacz z ewentualn\u0105 pozosta\u0142o\u015bci\u0105 preparatu zawiesi\u0107 w ustronnym miejscu link\u0105 do g\u00f3ry. Ko\u0144c\u00f3wk\u0119 robocz\u0105 nale\u017cy zabezpieczy\u0107 woreczkiem foliowym przeznaczonym wy\u0142\u0105cznie do tego celu.\u00a0<\/span><\/p><\/div>\n\t\t\t\t<\/div>\n\t\t\t\t<\/div>\n\t\t\t\t<div class=\"elementor-element elementor-element-159fe176 elementor-widget elementor-widget-text-editor\" data-id=\"159fe176\" data-element_type=\"widget\" data-widget_type=\"text-editor.default\">\n\t\t\t\t<div class=\"elementor-widget-container\">\n\t\t\t\t\t<div class=\"elementor-text-editor elementor-clearfix\"><p><b>Mazacz chroni\u0107 przed dzie\u0107mi i zwierz\u0119tami. <\/b><\/p><\/div>\n\t\t\t\t<\/div>\n\t\t\t\t<\/div>\n\t\t\t\t<div class=\"elementor-element elementor-element-779bcffa elementor-widget elementor-widget-heading\" data-id=\"779bcffa\" data-element_type=\"widget\" data-widget_type=\"heading.default\">\n\t\t\t\t<div class=\"elementor-widget-container\">\n\t\t\t<h4 class=\"elementor-heading-title elementor-size-default\">Demonta\u017c i kasacja<\/h4>\t\t<\/div>\n\t\t\t\t<\/div>\n\t\t\t\t<div class=\"elementor-element elementor-element-7065cacc elementor-widget-divider--view-line elementor-widget elementor-widget-divider\" data-id=\"7065cacc\" data-element_type=\"widget\" data-widget_type=\"divider.default\">\n\t\t\t\t<div class=\"elementor-widget-container\">\n\t\t\t\t\t<div class=\"elementor-divider\">\n\t\t\t<span class=\"elementor-divider-separator\">\n\t\t\t\t\t\t<\/span>\n\t\t<\/div>\n\t\t\t\t<\/div>\n\t\t\t\t<\/div>\n\t\t\t\t<div class=\"elementor-element elementor-element-56127b84 elementor-widget elementor-widget-text-editor\" data-id=\"56127b84\" data-element_type=\"widget\" data-widget_type=\"text-editor.default\">\n\t\t\t\t<div class=\"elementor-widget-container\">\n\t\t\t\t\t<div class=\"elementor-text-editor elementor-clearfix\"><p><b>Podczas demonta\u017cu i kasacji u\u017cywa\u0107 r\u0119kawic gumowych.<\/b><\/p><\/div>\n\t\t\t\t<\/div>\n\t\t\t\t<\/div>\n\t\t\t\t<div class=\"elementor-element elementor-element-6199f5a9 elementor-widget elementor-widget-text-editor\" data-id=\"6199f5a9\" data-element_type=\"widget\" data-widget_type=\"text-editor.default\">\n\t\t\t\t<div class=\"elementor-widget-container\">\n\t\t\t\t\t<div class=\"elementor-text-editor elementor-clearfix\"><p><span style=\"font-weight: 400;\">W przypadku zniszczenia mazacza w stopniu uniemo\u017cliwiaj\u0105cym jego regeneracj\u0119, nale\u017cy go zdemontowa\u0107, a elementy sk\u0142adowe posegregowa\u0107 i przekaza\u0107 do w\u0142a\u015bciwych punkt\u00f3w utylizacji.<\/span><\/p><\/div>\n\t\t\t\t<\/div>\n\t\t\t\t<\/div>\n\t\t\t\t\t\t<\/div>\n\t\t\t\t\t<\/div>\n\t\t<\/div>\n\t\t\t\t\t\t\t\t<\/div>\n\t\t\t\t\t<\/div>\n\t\t<\/section>\n\t\t\t\t<section class=\"elementor-section elementor-top-section elementor-element elementor-element-67250d30 elementor-section-content-middle elementor-section-boxed elementor-section-height-default elementor-section-height-default\" data-id=\"67250d30\" data-element_type=\"section\">\n\t\t\t\t\t\t<div class=\"elementor-container elementor-column-gap-no\">\n\t\t\t\t\t\t\t<div class=\"elementor-row\">\n\t\t\t\t\t<div class=\"elementor-column elementor-col-50 elementor-top-column elementor-element elementor-element-28b36831\" data-id=\"28b36831\" data-element_type=\"column\">\n\t\t\t<div class=\"elementor-column-wrap elementor-element-populated\">\n\t\t\t\t\t\t\t<div class=\"elementor-widget-wrap\">\n\t\t\t\t\t\t<div class=\"elementor-element elementor-element-1ae7689d elementor-widget elementor-widget-text-editor\" data-id=\"1ae7689d\" data-element_type=\"widget\" data-widget_type=\"text-editor.default\">\n\t\t\t\t<div class=\"elementor-widget-container\">\n\t\t\t\t\t<div class=\"elementor-text-editor elementor-clearfix\"><p>wersja do pobrania<\/p><\/div>\n\t\t\t\t<\/div>\n\t\t\t\t<\/div>\n\t\t\t\t<div class=\"elementor-element elementor-element-45d6f8b0 elementor-widget elementor-widget-heading\" data-id=\"45d6f8b0\" data-element_type=\"widget\" data-widget_type=\"heading.default\">\n\t\t\t\t<div class=\"elementor-widget-container\">\n\t\t\t<h3 class=\"elementor-heading-title elementor-size-default\">Ca\u0142a instrukcja w jednym pliku<\/h3>\t\t<\/div>\n\t\t\t\t<\/div>\n\t\t\t\t<div class=\"elementor-element elementor-element-7eb71c4d elementor-widget-divider--view-line elementor-widget elementor-widget-divider\" data-id=\"7eb71c4d\" data-element_type=\"widget\" data-widget_type=\"divider.default\">\n\t\t\t\t<div class=\"elementor-widget-container\">\n\t\t\t\t\t<div class=\"elementor-divider\">\n\t\t\t<span class=\"elementor-divider-separator\">\n\t\t\t\t\t\t<\/span>\n\t\t<\/div>\n\t\t\t\t<\/div>\n\t\t\t\t<\/div>\n\t\t\t\t\t\t<\/div>\n\t\t\t\t\t<\/div>\n\t\t<\/div>\n\t\t\t\t<div class=\"elementor-column elementor-col-50 elementor-top-column elementor-element elementor-element-49befb9b\" data-id=\"49befb9b\" data-element_type=\"column\">\n\t\t\t<div class=\"elementor-column-wrap elementor-element-populated\">\n\t\t\t\t\t\t\t<div class=\"elementor-widget-wrap\">\n\t\t\t\t\t\t<div class=\"elementor-element elementor-element-7a28ef5 elementor-cta--skin-classic elementor-animated-content elementor-bg-transform elementor-bg-transform-zoom-in elementor-widget elementor-widget-call-to-action\" data-id=\"7a28ef5\" data-element_type=\"widget\" data-widget_type=\"call-to-action.default\">\n\t\t\t\t<div class=\"elementor-widget-container\">\n\t\t\t\t\t<div  class=\"elementor-cta\">\n\t\t\t\t\t\t\t<div class=\"elementor-cta__content\">\n\t\t\t\t\n\t\t\t\t\n\t\t\t\t\n\t\t\t\t\t\t\t\t\t<div class=\"elementor-cta__button-wrapper elementor-cta__content-item elementor-content-item \">\n\t\t\t\t\t<a class=\"elementor-cta__button elementor-button elementor-size-sm\" href=\"http:\/\/mazacze.pl\/wp-content\/uploads\/2021\/05\/instrukcja-obslugi-mazacza.pdf\">\n\t\t\t\t\t\tKliknij aby pobra\u0107\t\t\t\t\t<\/a>\n\t\t\t\t\t<\/div>\n\t\t\t\t\t\t\t<\/div>\n\t\t\t\t\t\t<\/div>\n\t\t\t\t<\/div>\n\t\t\t\t<\/div>\n\t\t\t\t\t\t<\/div>\n\t\t\t\t\t<\/div>\n\t\t<\/div>\n\t\t\t\t\t\t\t\t<\/div>\n\t\t\t\t\t<\/div>\n\t\t<\/section>\n\t\t\t\t\t\t<\/div>\n\t\t\t\t\t\t<\/div>\n\t\t\t\t\t<\/div>\n\t\t","protected":false},"excerpt":{"rendered":"<p>Instrukcja u\u017cycia i bezpiecze\u0144sto u\u017cytkowania Przeznaczenie mazacza r\u0119cznego Mazacz s\u0142u\u017cy do bezopryskowego nanoszenia Roundupu 360 SL bezpo\u015brednio na zwalczane ro\u015bliny. Herbicyd Roundup 360 SL zwalcza ro\u015bliny jedno i dwuli\u015bcienne, zar\u00f3wno roczne jak i wieloletnie. Wch\u0142aniany wy\u0142\u0105cznie przez zielone cz\u0119\u015bci ro\u015bliny i przemieszczany po wszystkich jej systemach, powoduje zamieranie ro\u015bliny wraz z korzeniami i k\u0142\u0105czami. Roundup [&hellip;]<\/p>\n","protected":false},"author":1,"featured_media":0,"parent":0,"menu_order":0,"comment_status":"closed","ping_status":"closed","template":"","meta":[],"_links":{"self":[{"href":"https:\/\/mazacze.pl\/index.php\/wp-json\/wp\/v2\/pages\/174"}],"collection":[{"href":"https:\/\/mazacze.pl\/index.php\/wp-json\/wp\/v2\/pages"}],"about":[{"href":"https:\/\/mazacze.pl\/index.php\/wp-json\/wp\/v2\/types\/page"}],"author":[{"embeddable":true,"href":"https:\/\/mazacze.pl\/index.php\/wp-json\/wp\/v2\/users\/1"}],"replies":[{"embeddable":true,"href":"https:\/\/mazacze.pl\/index.php\/wp-json\/wp\/v2\/comments?post=174"}],"version-history":[{"count":4,"href":"https:\/\/mazacze.pl\/index.php\/wp-json\/wp\/v2\/pages\/174\/revisions"}],"predecessor-version":[{"id":178,"href":"https:\/\/mazacze.pl\/index.php\/wp-json\/wp\/v2\/pages\/174\/revisions\/178"}],"wp:attachment":[{"href":"https:\/\/mazacze.pl\/index.php\/wp-json\/wp\/v2\/media?parent=174"}],"curies":[{"name":"wp","href":"https:\/\/api.w.org\/{rel}","templated":true}]}}